{"id":721,"date":"2023-12-12T16:11:02","date_gmt":"2023-12-12T15:11:02","guid":{"rendered":"https:\/\/dev.peliko.fr\/1001mots\/?page_id=721"},"modified":"2025-10-21T17:49:34","modified_gmt":"2025-10-21T15:49:34","slug":"nos-partenaires-publics","status":"publish","type":"page","link":"https:\/\/1001mots.org\/tests1001mots\/nos-partenaires-publics\/","title":{"rendered":"Nos partenaires publics"},"content":{"rendered":"<div class=\"gb-container gb-container-89ff4a48 gb-container-ddceac17\">\n<div class=\"gb-container gb-container-e0d00ed3\">\n<div class=\"gb-container gb-container-bbc52610\">\n<div class=\"gb-container gb-container-476427c6\">\n\n<h1 class=\"gb-headline gb-headline-6be8df45 gb-headline-text gb-headline-02f48d25\">Nos partenaires publics,<mark class=\"gb-highlight\"> les alli\u00e9s<\/mark> du programme 1001mots<\/h1>\n\n\n<div class=\"gb-container gb-container-baa5b276\">\n\n<a class=\"gb-button gb-button-93f6ec00 gb-button-text gb-button-5161d63e\" href=\"https:\/\/1001mots.org\/tests1001mots\/eveiller-mon-enfant\/\">Le concept 1001mots<\/a>\n\n<\/div>\n<\/div>\n\n<div class=\"gb-container gb-container-07f2b947\">\n\n<div class=\"gb-headline gb-headline-b038c6a5\"><span class=\"gb-icon\"><svg preserveAspectRatio=\"none\" xmlns=\"http:\/\/www.w3.org\/2000\/svg\" xml:space=\"preserve\" viewBox=\"0 0 100 100\" aria-hidden=\"true\"><g clip-path=\"url(#a)\" transform=\"matrix(.86463 0 0 .86463 50 50)\"><clipPath id=\"a\"><rect width=\"100\" height=\"100\" x=\"-50\" y=\"-50\" rx=\"0\" ry=\"0\"><\/rect><\/clipPath><path d=\"M85.043 84.937c13.862 0 25.1 11.238 25.1 25.1h24.9c0-27.614-22.386-50-50-50s-50 22.386-50 50h24.9c0-13.859 11.232-25.095 25.091-25.1z\" style=\"stroke:none;stroke-width:1;stroke-dasharray:none;stroke-linecap:butt;stroke-dashoffset:0;stroke-linejoin:miter;stroke-miterlimit:4;fill:#f8dd4a;fill-rule:nonzero;opacity:1\" transform=\"translate(-85.043 -85.037)\"><\/path><\/g><\/svg> <\/span><\/div>\n\n\n\n<figure class=\"gb-block-image gb-block-image-98a6b8d8\"><img loading=\"lazy\" decoding=\"async\" width=\"536\" height=\"402\" class=\"gb-image gb-image-98a6b8d8\" src=\"https:\/\/1001mots.org\/tests1001mots\/wp-content\/uploads\/2024\/04\/partenaire-public-1001mots.png\" alt=\"\" srcset=\"https:\/\/1001mots.org\/tests1001mots\/wp-content\/uploads\/2024\/04\/partenaire-public-1001mots.png 536w, https:\/\/1001mots.org\/tests1001mots\/wp-content\/uploads\/2024\/04\/partenaire-public-1001mots-300x225.png 300w\" sizes=\"auto, (max-width: 536px) 100vw, 536px\" \/><\/figure>\n\n\n<div class=\"gb-container gb-container-94adf2f2\">\n\n<p class=\"gb-headline gb-headline-b7e3a618 gb-headline-text\">Nos partenaires <\/p>\n\n<\/div>\n<\/div>\n<\/div>\n\n\n<h2 class=\"gb-headline gb-headline-12410486 gb-headline-text\">Nos <mark class=\"gb-highlight\">partenaires<\/mark> publics<\/h2>\n\n\n\n<p>La diffusion de notre programme s\u2019appuie sur des partenariats p\u00e9rennes avec des acteurs clefs du service aux parents de jeunes enfants: les Caisses d\u2019Allocations Familiales, les \u00e9quipes de Protection maternelle et infantile, ainsi que des partenaires de proximit\u00e9 (centres sociaux, maisons des familles, Espace B\u00e9b\u00e9s-Parents\u2026).<\/p>\n\n\n\n<p><strong>Votre contact : <\/strong>Antonin Roubach &#8211; antonin.roubach@1001mots.org<\/p>\n\n\n<div class=\"gb-container gb-container-3e565545\">\n<div class=\"gb-container gb-container-53f5bdaf\">\n\n<figure class=\"gb-block-image gb-block-image-f4b0c987\"><img loading=\"lazy\" decoding=\"async\" width=\"235\" height=\"231\" class=\"gb-image gb-image-f4b0c987\" src=\"https:\/\/1001mots.org\/tests1001mots\/wp-content\/uploads\/2024\/01\/logoCafLoiretresize.png\" alt=\"Caf du Loiret\"\/><\/figure>\n\n<\/div>\n\n<div class=\"gb-container gb-container-fef32b0f\">\n\n<figure class=\"gb-block-image gb-block-image-95f90e97\"><img loading=\"lazy\" decoding=\"async\" width=\"235\" height=\"231\" class=\"gb-image gb-image-95f90e97\" src=\"https:\/\/1001mots.org\/tests1001mots\/wp-content\/uploads\/2024\/01\/logoCafmoselleresize.png\" alt=\"Caf de la Moselle\"\/><\/figure>\n\n<\/div>\n\n<div class=\"gb-container gb-container-3148e7ef\">\n\n<figure class=\"gb-block-image gb-block-image-326d7cb4\"><img loading=\"lazy\" decoding=\"async\" width=\"235\" height=\"231\" class=\"gb-image gb-image-326d7cb4\" src=\"https:\/\/1001mots.org\/tests1001mots\/wp-content\/uploads\/2024\/01\/logoCafoiseresize.png\" alt=\"Caf de l'Oise\"\/><\/figure>\n\n<\/div>\n\n<div class=\"gb-container gb-container-4001abb8\">\n\n<figure class=\"gb-block-image gb-block-image-d73f3ee5\"><img loading=\"lazy\" decoding=\"async\" width=\"235\" height=\"231\" class=\"gb-image gb-image-d73f3ee5\" src=\"https:\/\/1001mots.org\/tests1001mots\/wp-content\/uploads\/2024\/01\/logoCaf93resize.png\" alt=\"Caf de la Seine-Saint-Denis\"\/><\/figure>\n\n<\/div>\n\n<div class=\"gb-container gb-container-fe19e802\">\n\n<figure class=\"gb-block-image gb-block-image-d3d82040\"><img loading=\"lazy\" decoding=\"async\" width=\"400\" height=\"400\" class=\"gb-image gb-image-d3d82040\" src=\"https:\/\/1001mots.org\/tests1001mots\/wp-content\/uploads\/2025\/10\/caisse-dallocations-familiales-caf-de-seine-et-mar_logo-1.jpeg\" alt=\"\" srcset=\"https:\/\/1001mots.org\/tests1001mots\/wp-content\/uploads\/2025\/10\/caisse-dallocations-familiales-caf-de-seine-et-mar_logo-1.jpeg 400w, https:\/\/1001mots.org\/tests1001mots\/wp-content\/uploads\/2025\/10\/caisse-dallocations-familiales-caf-de-seine-et-mar_logo-1-300x300.jpeg 300w, https:\/\/1001mots.org\/tests1001mots\/wp-content\/uploads\/2025\/10\/caisse-dallocations-familiales-caf-de-seine-et-mar_logo-1-150x150.jpeg 150w\" sizes=\"auto, (max-width: 400px) 100vw, 400px\" \/><\/figure>\n\n<\/div>\n\n<div class=\"gb-container gb-container-6db2e8bb\">\n\n<figure class=\"gb-block-image gb-block-image-2ddab2d9\"><img loading=\"lazy\" decoding=\"async\" width=\"600\" height=\"600\" class=\"gb-image gb-image-2ddab2d9\" src=\"https:\/\/1001mots.org\/tests1001mots\/wp-content\/uploads\/2024\/03\/Ain.png\" alt=\"Le d\u00e9partement de l'Ain\" srcset=\"https:\/\/1001mots.org\/tests1001mots\/wp-content\/uploads\/2024\/03\/Ain.png 600w, https:\/\/1001mots.org\/tests1001mots\/wp-content\/uploads\/2024\/03\/Ain-300x300.png 300w, https:\/\/1001mots.org\/tests1001mots\/wp-content\/uploads\/2024\/03\/Ain-150x150.png 150w\" sizes=\"auto, (max-width: 600px) 100vw, 600px\" \/><\/figure>\n\n<\/div>\n\n<div class=\"gb-container gb-container-50ee7d44\">\n\n<figure class=\"gb-block-image gb-block-image-53e64734\"><img loading=\"lazy\" decoding=\"async\" width=\"235\" height=\"231\" class=\"gb-image gb-image-53e64734\" src=\"https:\/\/1001mots.org\/tests1001mots\/wp-content\/uploads\/2024\/01\/logo92resize.png\" alt=\"Le d\u00e9partement du hauts-de-seine\"\/><\/figure>\n\n<\/div>\n\n<div class=\"gb-container gb-container-6d8c99e6\">\n\n<figure class=\"gb-block-image gb-block-image-19563dce\"><img loading=\"lazy\" decoding=\"async\" width=\"235\" height=\"231\" class=\"gb-image gb-image-19563dce\" src=\"https:\/\/1001mots.org\/tests1001mots\/wp-content\/uploads\/2024\/01\/logoLoiretresize.png\" alt=\"Le d\u00e9partement du Loiret\"\/><\/figure>\n\n<\/div>\n\n<div class=\"gb-container gb-container-7ff71e82\">\n\n<figure class=\"gb-block-image gb-block-image-64ae9027\"><img loading=\"lazy\" decoding=\"async\" width=\"235\" height=\"231\" class=\"gb-image gb-image-64ae9027\" src=\"https:\/\/1001mots.org\/tests1001mots\/wp-content\/uploads\/2024\/01\/logoMoselleresize.png\" alt=\"Le d\u00e9partement de la Moselle\"\/><\/figure>\n\n<\/div>\n\n<div class=\"gb-container gb-container-3402d6d6\">\n\n<figure class=\"gb-block-image gb-block-image-53c9aa1c\"><img loading=\"lazy\" decoding=\"async\" width=\"235\" height=\"231\" class=\"gb-image gb-image-53c9aa1c\" src=\"https:\/\/1001mots.org\/tests1001mots\/wp-content\/uploads\/2025\/10\/CAF-AIN.png\" alt=\"\"\/><\/figure>\n\n<\/div>\n\n<div class=\"gb-container gb-container-7a2a97ca\">\n\n<figure class=\"gb-block-image gb-block-image-5c1f123b\"><img loading=\"lazy\" decoding=\"async\" width=\"235\" height=\"231\" class=\"gb-image gb-image-5c1f123b\" src=\"https:\/\/1001mots.org\/tests1001mots\/wp-content\/uploads\/2025\/02\/logoAisne.png\" alt=\"Caf de l'Aisne\"\/><\/figure>\n\n<\/div>\n\n<div class=\"gb-container gb-container-85afd41f\">\n\n<figure class=\"gb-block-image gb-block-image-37029582\"><img loading=\"lazy\" decoding=\"async\" width=\"235\" height=\"231\" class=\"gb-image gb-image-37029582\" src=\"https:\/\/1001mots.org\/tests1001mots\/wp-content\/uploads\/2025\/02\/Pactedessolidarites.png\" alt=\"Pacte des solidarit\u00e9s\"\/><\/figure>\n\n<\/div>\n\n<div class=\"gb-container gb-container-4a76da82\">\n\n<figure class=\"gb-block-image gb-block-image-60a75796\"><img loading=\"lazy\" decoding=\"async\" width=\"235\" height=\"231\" class=\"gb-image gb-image-60a75796\" src=\"https:\/\/1001mots.org\/tests1001mots\/wp-content\/uploads\/2025\/10\/ARS-Est.png\" alt=\"\"\/><\/figure>\n\n<\/div>\n\n<div class=\"gb-container gb-container-c3e08105\">\n\n<figure class=\"gb-block-image gb-block-image-7802f8f4\"><img loading=\"lazy\" decoding=\"async\" width=\"235\" height=\"231\" class=\"gb-image gb-image-7802f8f4\" src=\"https:\/\/1001mots.org\/tests1001mots\/wp-content\/uploads\/2025\/10\/CafAube.png\" alt=\"\"\/><\/figure>\n\n<\/div>\n\n<div class=\"gb-container gb-container-66d3f4ae\">\n\n<figure class=\"gb-block-image gb-block-image-1e02d49a\"><img loading=\"lazy\" decoding=\"async\" width=\"235\" height=\"231\" class=\"gb-image gb-image-1e02d49a\" src=\"https:\/\/1001mots.org\/tests1001mots\/wp-content\/uploads\/2025\/02\/SSD.png\" alt=\"Le d\u00e9partement Seine-Saint-Denis\"\/><\/figure>\n\n<\/div>\n\n<div class=\"gb-container gb-container-51844dff\">\n\n<figure class=\"gb-block-image gb-block-image-6745301d\"><img loading=\"lazy\" decoding=\"async\" width=\"225\" height=\"225\" class=\"gb-image gb-image-6745301d\" src=\"https:\/\/1001mots.org\/tests1001mots\/wp-content\/uploads\/2025\/10\/images-10.png\" alt=\"\" srcset=\"https:\/\/1001mots.org\/tests1001mots\/wp-content\/uploads\/2025\/10\/images-10.png 225w, https:\/\/1001mots.org\/tests1001mots\/wp-content\/uploads\/2025\/10\/images-10-150x150.png 150w\" sizes=\"auto, (max-width: 225px) 100vw, 225px\" \/><\/figure>\n\n<\/div>\n<\/div>\n\n<div class=\"gb-container gb-container-394420ab\">\n<div class=\"gb-container gb-container-eb17decf\">\n<div class=\"gb-container gb-container-339f96eb\">\n\n<blockquote class=\"wp-block-quote has-text-align-center citation is-layout-flow wp-block-quote-is-layout-flow\">\n<p>\u00ab 1001mots s\u2019inscrit dans une d\u00e9marche d\u2019investissement social qui est au c\u0153ur des missions de la Caf. Dans le d\u00e9partement le plus pauvre de France m\u00e9tropolitaine, <strong>l\u2019action de 1001mots est indispensable pour lutter contre les in\u00e9galit\u00e9s sociales<\/strong>.\u00bb<\/p>\n<cite>Aminata Ma\u00efga, Directrice des Prestations et de l&rsquo;Action sociale, Caf de la Seine-Saint-Denis<\/cite><\/blockquote>\n\n<\/div>\n\n<div class=\"gb-container gb-container-df96a0b6\">\n\n<blockquote class=\"wp-block-quote has-text-align-center citation is-layout-flow wp-block-quote-is-layout-flow\">\n<p>\u00ab 1001mots permet de pr\u00e9venir ces troubles tr\u00e8s pr\u00e9cocement, <strong>en pla\u00e7ant le parent au c\u0153ur du message<\/strong>. Son accompagnement facilite le d\u00e9veloppement du lien parent\/enfant et du langage. \u00bb&nbsp;<\/p>\n<cite>Dr. Elisabeth Hausherr, directrice mission sant\u00e9 publique des Hauts-de-Seine<\/cite><\/blockquote>\n\n<\/div>\n<\/div>\n<\/div>\n\n\n<div class=\"gb-headline gb-headline-ac4faee1\"><span class=\"gb-icon\"><svg xmlns=\"http:\/\/www.w3.org\/2000\/svg\" xml:space=\"preserve\" viewBox=\"0 0 100 100\" aria-hidden=\"true\"><g clip-path=\"url(#a)\" transform=\"translate(50 50)\"><clipPath id=\"a\"><rect width=\"100\" height=\"100\" x=\"-50\" y=\"-50\" rx=\"0\" ry=\"0\"><\/rect><\/clipPath><path d=\"M92.389 46.938h36.366c0 35.144-28.49 63.634-63.634 63.634H28.755c0-35.144 28.49-63.634 63.634-63.634Z\" style=\"stroke:none;stroke-width:1;stroke-dasharray:none;stroke-linecap:butt;stroke-dashoffset:0;stroke-linejoin:miter;stroke-miterlimit:4;fill:#f8dd4a;fill-rule:nonzero;opacity:1\" transform=\"translate(-78.755 -78.755)\"><\/path><\/g><\/svg><\/span><\/div>\n\n\n<div class=\"gb-container gb-container-6fbbfe31\">\n<div class=\"gb-container gb-container-167f9308\">\n\n<h2 class=\"gb-headline gb-headline-5def1f9f gb-headline-text gb-headline-2fbe7351\">Devenir partenaire<\/h2>\n\n\n\n<p>Si vous souhaitez inscrire des familles \u00e0 notre programme, d\u00e9velopper 1001mots sur votre d\u00e9partement, soutenir notre action, ou communiquer avec nous sur 1001mots et l\u2019\u00e9veil du langage chez les tout-petits, vous pouvez remplir ce&nbsp;formulaire&nbsp;!<\/p>\n\n\n<div class=\"gb-container gb-container-eeba46a5\">\n\n<a class=\"gb-button gb-button-0b9fbf6b gb-button-text gb-button-23f87dcb\" href=\"https:\/\/airtable.com\/apppjysEG5cvcWLX1\/shrfPvKCa0MxSfiHk\" target=\"_blank\" rel=\"noopener noreferrer\" aria-label=\"Acc\u00e9der au formulaire pour devenir partenaire (lien externe)\">Devenir partenaire<\/a>\n\n<\/div>\n<\/div>\n<\/div>\n\n\n<div class=\"gb-headline gb-headline-03cd58f0\"><span class=\"gb-icon\"><svg xmlns=\"http:\/\/www.w3.org\/2000\/svg\" xml:space=\"preserve\" viewBox=\"0 0 100 100\" aria-hidden=\"true\"><g clip-path=\"url(#a)\" transform=\"translate(25.001 50)\"><clipPath id=\"a\"><rect width=\"100\" height=\"100\" x=\"-50\" y=\"-50\" rx=\"0\" ry=\"0\"><\/rect><\/clipPath><path d=\"M57.21 57.21A24.988 24.988 0 0 1 82.2 82.2v24.988H57.187C43.387 107.188 32.2 96 32.2 82.2c.012-13.804 11.206-24.989 25.01-24.99Z\" style=\"stroke:none;stroke-width:1;stroke-dasharray:none;stroke-linecap:butt;stroke-dashoffset:0;stroke-linejoin:miter;stroke-miterlimit:4;fill:#ee2253;fill-rule:nonzero;opacity:1\" transform=\"translate(-57.2 -82.199)\"><\/path><\/g><g clip-path=\"url(#b)\" transform=\"translate(75.001 50)\"><clipPath id=\"b\"><rect width=\"100\" height=\"100\" x=\"-50\" y=\"-50\" rx=\"0\" ry=\"0\"><\/rect><\/clipPath><path d=\"M107.21 57.21A24.988 24.988 0 0 1 132.2 82.2v24.988h-25.013C93.387 107.188 82.2 96 82.2 82.2c.012-13.805 11.205-24.99 25.01-24.99Z\" style=\"stroke:none;stroke-width:1;stroke-dasharray:none;stroke-linecap:butt;stroke-dashoffset:0;stroke-linejoin:miter;stroke-miterlimit:4;fill:#ee2253;fill-rule:nonzero;opacity:1\" transform=\"translate(-107.2 -82.199)\"><\/path><\/g><\/svg><\/span><\/div>\n\n<\/div>\n<\/div>","protected":false},"excerpt":{"rendered":"<p>Nos partenaires publics, les alli\u00e9s du programme 1001mots Nos partenaires Nos partenaires publics La diffusion de notre programme s\u2019appuie sur des partenariats p\u00e9rennes avec des acteurs clefs du service aux parents de jeunes enfants: les Caisses d\u2019Allocations Familiales, les \u00e9quipes de Protection maternelle et infantile, ainsi que des partenaires de proximit\u00e9 (centres sociaux, maisons des &#8230; <a title=\"Nos partenaires publics\" class=\"read-more\" href=\"https:\/\/1001mots.org\/tests1001mots\/nos-partenaires-publics\/\" aria-label=\"En savoir plus sur Nos partenaires publics\">Lire la suite<\/a><\/p>\n","protected":false},"author":1,"featured_media":0,"parent":0,"menu_order":0,"comment_status":"closed","ping_status":"closed","template":"","meta":{"_seopress_robots_primary_cat":"","_seopress_titles_title":"Nos partenaires publics 1001mots","_seopress_titles_desc":"D\u00e9couvrez les institutions publiques alli\u00e9es du programme 1001mots","_seopress_robots_index":"","_uf_show_specific_survey":0,"_uf_disable_surveys":false,"footnotes":""},"class_list":["post-721","page","type-page","status-publish"],"_links":{"self":[{"href":"https:\/\/1001mots.org\/tests1001mots\/wp-json\/wp\/v2\/pages\/721","targetHints":{"allow":["GET"]}}],"collection":[{"href":"https:\/\/1001mots.org\/tests1001mots\/wp-json\/wp\/v2\/pages"}],"about":[{"href":"https:\/\/1001mots.org\/tests1001mots\/wp-json\/wp\/v2\/types\/page"}],"author":[{"embeddable":true,"href":"https:\/\/1001mots.org\/tests1001mots\/wp-json\/wp\/v2\/users\/1"}],"replies":[{"embeddable":true,"href":"https:\/\/1001mots.org\/tests1001mots\/wp-json\/wp\/v2\/comments?post=721"}],"version-history":[{"count":0,"href":"https:\/\/1001mots.org\/tests1001mots\/wp-json\/wp\/v2\/pages\/721\/revisions"}],"wp:attachment":[{"href":"https:\/\/1001mots.org\/tests1001mots\/wp-json\/wp\/v2\/media?parent=721"}],"curies":[{"name":"wp","href":"https:\/\/api.w.org\/{rel}","templated":true}]}}