{"id":322,"date":"2023-11-25T12:33:34","date_gmt":"2023-11-25T11:33:34","guid":{"rendered":"https:\/\/dev.peliko.fr\/1001mots\/?page_id=322"},"modified":"2025-07-10T17:29:41","modified_gmt":"2025-07-10T15:29:41","slug":"notre-equipe","status":"publish","type":"page","link":"https:\/\/1001mots.org\/tests1001mots\/notre-equipe\/","title":{"rendered":"Notre \u00e9quipe"},"content":{"rendered":"<section class=\"gb-container gb-container-3b3b9130 gb-container-ddceac17\">\n<div class=\"gb-container gb-container-06f4e434\">\n<div class=\"gb-container gb-container-c321fbc2\">\n<div class=\"gb-container gb-container-44cf4962\">\n\n<figure class=\"gb-block-image gb-block-image-9ac085a7\"><img loading=\"lazy\" decoding=\"async\" width=\"536\" height=\"481\" class=\"gb-image gb-image-9ac085a7\" src=\"https:\/\/1001mots.org\/tests1001mots\/wp-content\/uploads\/2023\/12\/salaries-1001-mots.png\" alt=\"\" srcset=\"https:\/\/1001mots.org\/tests1001mots\/wp-content\/uploads\/2023\/12\/salaries-1001-mots.png 536w, https:\/\/1001mots.org\/tests1001mots\/wp-content\/uploads\/2023\/12\/salaries-1001-mots-300x269.png 300w\" sizes=\"auto, (max-width: 536px) 100vw, 536px\" \/><\/figure>\n\n<\/div>\n\n<div class=\"gb-container gb-container-4fb665e1\">\n\n<h1 class=\"gb-headline gb-headline-fb00538a gb-headline-text gb-headline-02f48d25\">Notre <mark class=\"gb-highlight\">\u00e9quipe<\/mark> 1001mots<\/h1>\n\n\n\n<p>Notre <strong>start-up associative<\/strong> se compose&nbsp;:<\/p>\n\n\n\n<ul class=\"wp-block-list\">\n<li>D\u2019une <strong>\u00e9quipe d\u2019accompagnantes en parentalit\u00e9<\/strong>, missionn\u00e9es pour soutenir les familles via des appels t\u00e9l\u00e9phoniques r\u00e9guliers.<\/li>\n\n\n\n<li>D\u2019une <strong>\u00e9quipe de salari\u00e9s<\/strong> charg\u00e9s de la cr\u00e9ation des contenus p\u00e9dagogiques, des inscriptions des familles, des \u00e9changes avec les partenaires\u2026<\/li>\n\n\n\n<li>D&rsquo;un&nbsp;<strong>conseil d&rsquo;administration<\/strong>&nbsp;b\u00e9n\u00e9vole, responsable des grands choix strat\u00e9giques de l&rsquo;association.<\/li>\n<\/ul>\n\n<\/div>\n<\/div>\n\n<div class=\"gb-container gb-container-42c64e30\">\n\n<div class=\"gb-headline gb-headline-b7e15a5b\"><span class=\"gb-icon\"><svg preserveAspectRatio=\"none\" xmlns=\"http:\/\/www.w3.org\/2000\/svg\" xml:space=\"preserve\" viewBox=\"0 0 100 100\" aria-hidden=\"true\"><g clip-path=\"url(#a)\" transform=\"matrix(.77432 0 0 .77432 50 50)\"><clipPath id=\"a\"><rect width=\"100\" height=\"100\" x=\"-50\" y=\"-50\" rx=\"0\" ry=\"0\"><\/rect><\/clipPath><path d=\"m88.9 131.03-7.594-35.723-7.594 35.723-5.591-1.187 7.591-35.726-21.465 29.55-4.628-3.367 21.465-29.543-31.625 18.261-2.859-4.953L68.229 85.8l-36.321 3.822-.6-5.688 36.322-3.818L32.9 68.83l1.766-5.438L69.4 74.678 42.256 50.244l3.825-4.251 27.143 24.438-14.856-33.365 5.223-2.325 14.856 33.364V31.583h5.717v36.522L99.021 34.74l5.223 2.325-14.856 33.366 27.143-24.437 3.825 4.251-27.14 24.433 34.734-11.285 1.766 5.438-34.734 11.285 36.324 3.818-.6 5.688L94.383 85.8l31.631 18.261-2.862 4.953-31.624-18.257 21.465 29.543-4.628 3.363L86.9 94.117l7.594 35.726z\" style=\"stroke:none;stroke-width:1;stroke-dasharray:none;stroke-linecap:butt;stroke-dashoffset:0;stroke-linejoin:miter;stroke-miterlimit:4;fill:#76adff;fill-rule:nonzero;opacity:1\" transform=\"translate(-81.307 -81.306)\"><\/path><\/g><\/svg> <\/span><\/div>\n\n\n\n<blockquote class=\"wp-block-quote has-text-align-center is-layout-flow wp-block-quote-is-layout-flow\">\n<p class=\"has-text-align-center citation-xl\">\u00ab\u00a0Moi je suis loin de mes proches. L\u2019association a jou\u00e9 le r\u00f4le de maman, de guide pour que mon fils grandisse bien\u00a0\u00bb<\/p>\n<cite>Meryem, maman de Akim (22 mois)<\/cite><\/blockquote>\n\n<\/div>\n<\/div>\n<\/section>\n\n<section class=\"gb-container gb-container-89ff4a48 gb-container-ddceac17\" id=\"expertes\">\n<div class=\"gb-container gb-container-e0d00ed3\">\n<div class=\"gb-container gb-container-bbc52610\">\n<div class=\"gb-container gb-container-476427c6\">\n\n<h2 class=\"gb-headline gb-headline-b6b7ba45 gb-headline-text gb-headline-02f48d25\">Les accompagnantes, <mark class=\"gb-highlight\">les bonnes f\u00e9es<\/mark> du programme 1001mots<\/h2>\n\n\n<div class=\"gb-container gb-container-baa5b276\">\n\n<a class=\"gb-button gb-button-395650cb gb-button-text gb-button-23f87dcb\" href=\"https:\/\/1001mots.org\/tests1001mots\/les-expertes\/\">D\u00e9couvrir nos accompagnantes<\/a>\n\n<\/div>\n<\/div>\n\n<div class=\"gb-container gb-container-07f2b947\">\n\n<div class=\"gb-headline gb-headline-6fbd2247\"><span class=\"gb-icon\"><svg preserveAspectRatio=\"none\" xmlns=\"http:\/\/www.w3.org\/2000\/svg\" xml:space=\"preserve\" viewBox=\"0 0 100 100\" aria-hidden=\"true\"><g clip-path=\"url(#a)\" transform=\"matrix(.86463 0 0 .86463 50 50)\"><clipPath id=\"a\"><rect width=\"100\" height=\"100\" x=\"-50\" y=\"-50\" rx=\"0\" ry=\"0\"><\/rect><\/clipPath><path d=\"M85.043 84.937c13.862 0 25.1 11.238 25.1 25.1h24.9c0-27.614-22.386-50-50-50s-50 22.386-50 50h24.9c0-13.859 11.232-25.095 25.091-25.1z\" style=\"stroke:none;stroke-width:1;stroke-dasharray:none;stroke-linecap:butt;stroke-dashoffset:0;stroke-linejoin:miter;stroke-miterlimit:4;fill:#f8dd4a;fill-rule:nonzero;opacity:1\" transform=\"translate(-85.043 -85.037)\"><\/path><\/g><\/svg> <\/span><\/div>\n\n\n\n<figure class=\"gb-block-image gb-block-image-97b7a76f\"><img loading=\"lazy\" decoding=\"async\" width=\"348\" height=\"378\" class=\"gb-image gb-image-97b7a76f\" src=\"https:\/\/1001mots.org\/tests1001mots\/wp-content\/uploads\/2023\/12\/equipe-appelantes-1001mots.png\" alt=\"\" srcset=\"https:\/\/1001mots.org\/tests1001mots\/wp-content\/uploads\/2023\/12\/equipe-appelantes-1001mots.png 348w, https:\/\/1001mots.org\/tests1001mots\/wp-content\/uploads\/2023\/12\/equipe-appelantes-1001mots-276x300.png 276w\" sizes=\"auto, (max-width: 348px) 100vw, 348px\" \/><\/figure>\n\n\n<div class=\"gb-container gb-container-ae69d456\">\n\n<p class=\"gb-headline gb-headline-e48e9a8e gb-headline-text\">Accompagnantes<\/p>\n\n<\/div>\n<\/div>\n<\/div>\n<\/div>\n<\/section>\n\n<section class=\"gb-container gb-container-8b4fe2fd gb-container-ddceac17\" id=\"equipe\">\n<div class=\"gb-container gb-container-7863353d\">\n<div class=\"gb-container gb-container-d8fc3aff\">\n<div class=\"gb-container gb-container-eb8a9293\">\n\n<div class=\"gb-headline gb-headline-78f60026\"><span class=\"gb-icon\"><svg preserveAspectRatio=\"none\" xmlns=\"http:\/\/www.w3.org\/2000\/svg\" xml:space=\"preserve\" viewBox=\"0 0 100 100\" aria-hidden=\"true\"><g clip-path=\"url(#a)\" transform=\"matrix(.86463 0 0 .86463 50 50)\"><clipPath id=\"a\"><rect width=\"100\" height=\"100\" x=\"-50\" y=\"-50\" rx=\"0\" ry=\"0\"><\/rect><\/clipPath><path d=\"M85.043 84.937c13.862 0 25.1 11.238 25.1 25.1h24.9c0-27.614-22.386-50-50-50s-50 22.386-50 50h24.9c0-13.859 11.232-25.095 25.091-25.1z\" style=\"stroke:none;stroke-width:1;stroke-dasharray:none;stroke-linecap:butt;stroke-dashoffset:0;stroke-linejoin:miter;stroke-miterlimit:4;fill:#f8dd4a;fill-rule:nonzero;opacity:1\" transform=\"translate(-85.043 -85.037)\"><\/path><\/g><\/svg> <\/span><\/div>\n\n\n\n<figure class=\"gb-block-image gb-block-image-e8f609fa\"><img loading=\"lazy\" decoding=\"async\" width=\"348\" height=\"378\" class=\"gb-image gb-image-e8f609fa\" src=\"https:\/\/1001mots.org\/tests1001mots\/wp-content\/uploads\/2023\/12\/equipe-salariees-1001mots.png\" alt=\"\" srcset=\"https:\/\/1001mots.org\/tests1001mots\/wp-content\/uploads\/2023\/12\/equipe-salariees-1001mots.png 348w, https:\/\/1001mots.org\/tests1001mots\/wp-content\/uploads\/2023\/12\/equipe-salariees-1001mots-276x300.png 276w\" sizes=\"auto, (max-width: 348px) 100vw, 348px\" \/><\/figure>\n\n\n<div class=\"gb-container gb-container-f1db788f\">\n\n<p class=\"gb-headline gb-headline-d904437a gb-headline-text\">Les salari\u00e9s<\/p>\n\n<\/div>\n<\/div>\n\n<div class=\"gb-container gb-container-23922b6d\">\n\n<h2 class=\"gb-headline gb-headline-5c3d006c gb-headline-text gb-headline-02f48d25\"><mark class=\"gb-highlight\">L\u2019\u00e9quipe salari\u00e9e<\/mark> de l\u2019association 1001mots<\/h2>\n\n\n<div class=\"gb-container gb-container-90978567\">\n\n<a class=\"gb-button gb-button-00da50fa gb-button-text gb-button-23f87dcb\" href=\"https:\/\/1001mots.org\/tests1001mots\/lequipe-salariee\/\">D\u00e9couvrir notre \u00e9quipe<\/a>\n\n<\/div>\n<\/div>\n<\/div>\n<\/div>\n<\/section>\n\n<section class=\"gb-container gb-container-39dec0f5 gb-container-ddceac17\" id=\"gouvernance\">\n<div class=\"gb-container gb-container-b5250b85\">\n<div class=\"gb-container gb-container-d7fe2aab\">\n<div class=\"gb-container gb-container-88af72c3\">\n\n<h2 class=\"gb-headline gb-headline-416a504d gb-headline-text gb-headline-02f48d25\"><mark class=\"gb-highlight\">La gouvernance<\/mark> de l&rsquo;association 1001mots<\/h2>\n\n\n<div class=\"gb-container gb-container-f80ab185\">\n\n<a class=\"gb-button gb-button-2e613c57 gb-button-text gb-button-23f87dcb\" href=\"https:\/\/1001mots.org\/tests1001mots\/la-gouvernance\/\">D\u00e9couvrir notre Conseil d&rsquo;Administration<\/a>\n\n<\/div>\n<\/div>\n\n<div class=\"gb-container gb-container-494b5c1d\">\n\n<div class=\"gb-headline gb-headline-3ed15d5d\"><span class=\"gb-icon\"><svg preserveAspectRatio=\"none\" xmlns=\"http:\/\/www.w3.org\/2000\/svg\" xml:space=\"preserve\" viewBox=\"0 0 100 100\" aria-hidden=\"true\"><g clip-path=\"url(#a)\" transform=\"matrix(.86463 0 0 .86463 50 50)\"><clipPath id=\"a\"><rect width=\"100\" height=\"100\" x=\"-50\" y=\"-50\" rx=\"0\" ry=\"0\"><\/rect><\/clipPath><path d=\"M85.043 84.937c13.862 0 25.1 11.238 25.1 25.1h24.9c0-27.614-22.386-50-50-50s-50 22.386-50 50h24.9c0-13.859 11.232-25.095 25.091-25.1z\" style=\"stroke:none;stroke-width:1;stroke-dasharray:none;stroke-linecap:butt;stroke-dashoffset:0;stroke-linejoin:miter;stroke-miterlimit:4;fill:#f8dd4a;fill-rule:nonzero;opacity:1\" transform=\"translate(-85.043 -85.037)\"><\/path><\/g><\/svg> <\/span><\/div>\n\n\n\n<figure class=\"gb-block-image gb-block-image-89ccf4a5\"><img loading=\"lazy\" decoding=\"async\" width=\"348\" height=\"378\" class=\"gb-image gb-image-89ccf4a5\" src=\"https:\/\/1001mots.org\/tests1001mots\/wp-content\/uploads\/2023\/12\/Photo_gouvernance-1001mots.png\" alt=\"\" srcset=\"https:\/\/1001mots.org\/tests1001mots\/wp-content\/uploads\/2023\/12\/Photo_gouvernance-1001mots.png 348w, https:\/\/1001mots.org\/tests1001mots\/wp-content\/uploads\/2023\/12\/Photo_gouvernance-1001mots-276x300.png 276w\" sizes=\"auto, (max-width: 348px) 100vw, 348px\" \/><\/figure>\n\n\n<div class=\"gb-container gb-container-146a5316\">\n\n<h2 class=\"gb-headline gb-headline-8d4edaf4 gb-headline-text\">La Gouvernance<\/h2>\n\n<\/div>\n<\/div>\n<\/div>\n<\/div>\n<\/section>\n\n<section class=\"gb-container gb-container-c81217f7 gb-container-ddceac17\">\n<div class=\"gb-container gb-container-394420ab\">\n<div class=\"gb-container gb-container-eb17decf\">\n<div class=\"gb-container gb-container-339f96eb\">\n\n<blockquote class=\"wp-block-quote has-text-align-center citation is-layout-flow wp-block-quote-is-layout-flow\">\n<p class=\"has-text-align-center\">\u201c\u00c7a m\u2019a donn\u00e9 de tr\u00e8s bonnes id\u00e9es pour avoir de nouvelles activit\u00e9s pour l\u2019enfant et partager avec lui.\u201d<\/p>\n<cite>Maman de Yamann<\/cite><\/blockquote>\n\n<\/div>\n\n<div class=\"gb-container gb-container-df96a0b6\">\n\n<blockquote class=\"wp-block-quote has-text-align-center citation is-layout-flow wp-block-quote-is-layout-flow\">\n<p class=\"has-text-align-center\">\u201cAvant quand je la changeais c\u2019\u00e9tait le combat, elle ne voulait pas&nbsp;! Il fallait la forcer. J\u2019ai re\u00e7u des sms disant qu\u2019il faut lui parler : quand j\u2019ai commenc\u00e9 \u00e7a, \u00e7a a tout chang\u00e9, elle restait \u00e0 sa place, c\u2019\u00e9tait plus la bagarre<em>.\u201d<\/em><\/p>\n<cite>Latifa, maman d\u2019Almas<\/cite><\/blockquote>\n\n<\/div>\n<\/div>\n\n\n<div class=\"gb-headline gb-headline-ac4faee1\"><span class=\"gb-icon\"><svg viewBox=\"0 0 100 100\" xml:space=\"preserve\" xmlns=\"http:\/\/www.w3.org\/2000\/svg\"><g transform=\"translate(50 50)\" clip-path=\"url(#a)\"><clipPath id=\"a\"><rect ry=\"0\" rx=\"0\" y=\"-50\" x=\"-50\" height=\"100\" width=\"100\"><\/rect><\/clipPath><path transform=\"translate(-78.755 -78.755)\" style=\"stroke:none;stroke-width:1;stroke-dasharray:none;stroke-linecap:butt;stroke-dashoffset:0;stroke-linejoin:miter;stroke-miterlimit:4;fill:#f8dd4a;fill-rule:nonzero;opacity:1\" d=\"M92.389 46.938h36.366c0 35.144-28.49 63.634-63.634 63.634H28.755c0-35.144 28.49-63.634 63.634-63.634Z\"><\/path><\/g><\/svg><\/span><\/div>\n\n\n<div class=\"gb-container gb-container-6fbbfe31\" id=\"rejoindre\">\n<div class=\"gb-container gb-container-167f9308\">\n\n<h2 class=\"gb-headline gb-headline-5def1f9f gb-headline-text gb-headline-2fbe7351\">Rejoindre l&rsquo;\u00e9quipe<\/h2>\n\n\n\n<p class=\"has-text-align-center\">La force de 1001mots est son \u00e9quipe : diverse, soud\u00e9e, passionn\u00e9e et joyeuse !<\/p>\n\n\n\n<p class=\"has-text-align-center\">Nous recherchons des profils qui veulent donner le meilleur d\u2019eux-m\u00eames pour ce projet unique : des personnes enthousiastes, ayant un fort esprit d\u2019\u00e9quipe et qui veulent relever de grands d\u00e9fis.<\/p>\n\n\n<div class=\"gb-container gb-container-eeba46a5\">\n\n<a class=\"gb-button gb-button-0b9fbf6b gb-button-text gb-button-23f87dcb\" href=\"https:\/\/www.welcometothejungle.com\/fr\/companies\/1001mots\/jobs\" target=\"_blank\" rel=\"noopener noreferrer\">Rejoindre l\u2019\u00e9quipe<\/a>\n\n<\/div>\n<\/div>\n<\/div>\n\n\n<div class=\"gb-headline gb-headline-03cd58f0\"><span class=\"gb-icon\"><svg viewBox=\"0 0 100 100\" xml:space=\"preserve\" xmlns=\"http:\/\/www.w3.org\/2000\/svg\"><g transform=\"translate(25.001 50)\" clip-path=\"url(#a)\"><clipPath id=\"a\"><rect ry=\"0\" rx=\"0\" y=\"-50\" x=\"-50\" height=\"100\" width=\"100\"><\/rect><\/clipPath><path transform=\"translate(-57.2 -82.199)\" style=\"stroke:none;stroke-width:1;stroke-dasharray:none;stroke-linecap:butt;stroke-dashoffset:0;stroke-linejoin:miter;stroke-miterlimit:4;fill:#ee2253;fill-rule:nonzero;opacity:1\" d=\"M57.21 57.21A24.988 24.988 0 0 1 82.2 82.2v24.988H57.187C43.387 107.188 32.2 96 32.2 82.2c.012-13.804 11.206-24.989 25.01-24.99Z\"><\/path><\/g><g transform=\"translate(75.001 50)\" clip-path=\"url(#b)\"><clipPath id=\"b\"><rect ry=\"0\" rx=\"0\" y=\"-50\" x=\"-50\" height=\"100\" width=\"100\"><\/rect><\/clipPath><path transform=\"translate(-107.2 -82.199)\" style=\"stroke:none;stroke-width:1;stroke-dasharray:none;stroke-linecap:butt;stroke-dashoffset:0;stroke-linejoin:miter;stroke-miterlimit:4;fill:#ee2253;fill-rule:nonzero;opacity:1\" d=\"M107.21 57.21A24.988 24.988 0 0 1 132.2 82.2v24.988h-25.013C93.387 107.188 82.2 96 82.2 82.2c.012-13.805 11.205-24.99 25.01-24.99Z\"><\/path><\/g><\/svg><\/span><\/div>\n\n<\/div>\n<\/section>","protected":false},"excerpt":{"rendered":"<p>Notre \u00e9quipe 1001mots Notre start-up associative se compose&nbsp;: \u00ab\u00a0Moi je suis loin de mes proches. L\u2019association a jou\u00e9 le r\u00f4le de maman, de guide pour que mon fils grandisse bien\u00a0\u00bb Les accompagnantes, les bonnes f\u00e9es du programme 1001mots Accompagnantes Les salari\u00e9s L\u2019\u00e9quipe salari\u00e9e de l\u2019association 1001mots La gouvernance de l&rsquo;association 1001mots La Gouvernance \u201c\u00c7a m\u2019a &#8230; <a title=\"Notre \u00e9quipe\" class=\"read-more\" href=\"https:\/\/1001mots.org\/tests1001mots\/notre-equipe\/\" aria-label=\"En savoir plus sur Notre \u00e9quipe\">Lire la suite<\/a><\/p>\n","protected":false},"author":1,"featured_media":0,"parent":0,"menu_order":0,"comment_status":"closed","ping_status":"closed","template":"","meta":{"_seopress_robots_primary_cat":"","_seopress_titles_title":"","_seopress_titles_desc":"","_seopress_robots_index":"","_uf_show_specific_survey":0,"_uf_disable_surveys":false,"footnotes":""},"class_list":["post-322","page","type-page","status-publish"],"_links":{"self":[{"href":"https:\/\/1001mots.org\/tests1001mots\/wp-json\/wp\/v2\/pages\/322","targetHints":{"allow":["GET"]}}],"collection":[{"href":"https:\/\/1001mots.org\/tests1001mots\/wp-json\/wp\/v2\/pages"}],"about":[{"href":"https:\/\/1001mots.org\/tests1001mots\/wp-json\/wp\/v2\/types\/page"}],"author":[{"embeddable":true,"href":"https:\/\/1001mots.org\/tests1001mots\/wp-json\/wp\/v2\/users\/1"}],"replies":[{"embeddable":true,"href":"https:\/\/1001mots.org\/tests1001mots\/wp-json\/wp\/v2\/comments?post=322"}],"version-history":[{"count":0,"href":"https:\/\/1001mots.org\/tests1001mots\/wp-json\/wp\/v2\/pages\/322\/revisions"}],"wp:attachment":[{"href":"https:\/\/1001mots.org\/tests1001mots\/wp-json\/wp\/v2\/media?parent=322"}],"curies":[{"name":"wp","href":"https:\/\/api.w.org\/{rel}","templated":true}]}}