{"id":3,"date":"2024-03-11T11:12:04","date_gmt":"2024-03-11T10:12:04","guid":{"rendered":"https:\/\/dev.peliko.fr\/1001mots\/?page_id=3"},"modified":"2024-04-01T11:01:52","modified_gmt":"2024-04-01T09:01:52","slug":"mentions-legales","status":"publish","type":"page","link":"https:\/\/1001mots.org\/tests1001mots\/mentions-legales\/","title":{"rendered":"Mentions l\u00e9gales"},"content":{"rendered":"<div class=\"gb-container gb-container-bf0a9b38 gb-container-fc18ce97\">\n<div class=\"gb-container gb-container-98743698\">\n\n<h1 class=\"gb-headline gb-headline-8fc3034d gb-headline-text gb-headline-02f48d25\">Mentions l\u00e9gales<\/h1>\n\n\n\n<h2 class=\"wp-block-heading\">Cr\u00e9dits<\/h2>\n\n\n\n<p>Le site www.1001mots.org est \u00e9dit\u00e9 par l\u2019association 1001mots, association \u00e0 but non lucratif selon la loi de 1901.<\/p>\n\n\n\n<h2 class=\"wp-block-heading\">Directeur de la publication<\/h2>\n\n\n\n<p>Pierre LEFRANC, pr\u00e9sident de 1001mots<\/p>\n\n\n\n<h2 class=\"wp-block-heading\">Contenu du site<\/h2>\n\n\n\n<p>On entend par Contenu du Site la structure g\u00e9n\u00e9rale, les textes, les images anim\u00e9es ou non, et les sons dont le Site est compos\u00e9. Toute repr\u00e9sentation totale ou partielle de ce Site et de son Contenu, par quelques proc\u00e9d\u00e9s que ce soient, sans autorisation pr\u00e9alable expresse de l\u2019association 1001mots, est interdite et constituerait une contrefa\u00e7on sanctionn\u00e9e par les articles L335-2 et suivants du Code de la Propri\u00e9t\u00e9 intellectuelle.<\/p>\n\n\n\n<h2 class=\"wp-block-heading\">Licence d&rsquo;utilisation du Contenu du site 1001mots.org<\/h2>\n\n\n\n<p>Du seul fait de sa connexion au site 1001mots.org, l\u2019utilisateur reconna\u00eet accepter de l\u2019association 1001mots une licence d\u2019usage du contenu du site strictement limit\u00e9e aux conditions imp\u00e9ratives suivantes :<\/p>\n\n\n\n<ul class=\"wp-block-list\">\n<li>La pr\u00e9sente licence accord\u00e9e \u00e0 titre non exclusif n\u2019est pas transmissible.<\/li>\n\n\n\n<li>Le droit d\u2019usage conf\u00e9r\u00e9 \u00e0 l\u2019utilisateur est personnel et priv\u00e9 : c\u2019est-\u00e0-dire que toute reproduction du Contenu du Site sur un quelconque support pour un usage collectif ou professionnel, m\u00eame en interne dans l\u2019entreprise, est prohib\u00e9e. Il en est de m\u00eame pour toute communication de ce Contenu par voie \u00e9lectronique, m\u00eame diffus\u00e9 en intranet ou en extranet d\u2019entreprise.<\/li>\n\n\n\n<li>Cet usage comprend seulement l\u2019autorisation de reproduire pour stockage aux fins de repr\u00e9sentation sur \u00e9cran monoposte et de reproduction en un exemplaire, pour copie de sauvegarde et tirage papier.<\/li>\n\n\n\n<li>Tout autre usage (reproduction, repr\u00e9sentation, utilisation, adaptation, modification, incorporation, traduction, commercialisation, partielles ou int\u00e9grales) des \u00e9l\u00e9ments contenus dans ce site, sans l\u2019autorisation \u00e9crite pr\u00e9alable de l\u2019association 1001mots, est interdite, sous peine de constituer un d\u00e9lit de contrefa\u00e7on de droit d\u2019auteur. Les contrevenants seront poursuivis, sans pr\u00e9judice de tout autre recours.<\/li>\n<\/ul>\n\n\n\n<h2 class=\"wp-block-heading\">Autorisation de reproduction de contenus<\/h2>\n\n\n\n<p>Pour reproduire sur tous supports un contenu (textes, graphiques, illustrations, photographies) paru sur le Site 1001mots.org, adressez votre demande par courrier ou e-mail \u00e0 Association 1001mots \u2013 24 rue de l\u2019Est \u2013 75020 Paris ou \u00e0 l\u2019adresse&nbsp;<a href=\"mailto:communication@1001mots.org\" target=\"_blank\" rel=\"noreferrer noopener\">communication@1001mots.org<\/a>| Nous vous demandons de bien vouloir nous pr\u00e9ciser le contexte, la dur\u00e9e de reproduction souhait\u00e9e, la nature du site, la pr\u00e9sentation envisag\u00e9e \u2026<\/p>\n\n\n\n<p>N\u2019oubliez pas de nous pr\u00e9ciser \u00e9galement votre nom, le nom de votre association ou de votre entreprise, l\u2019adresse URL de votre site, ainsi que vos coordonn\u00e9es incluant votre e-mail.<\/p>\n\n\n\n<h2 class=\"wp-block-heading\"><strong>Droits d\u2019acc\u00e8s aux fichiers informatis\u00e9s<\/strong><\/h2>\n\n\n\n<p>Conform\u00e9ment \u00e0 la loi fran\u00e7aise N\u00b7 78-17 du 6 janvier 1978 relative \u00e0 l\u2019informatique, aux fichiers et aux libert\u00e9s (CNIL), tout utilisateur ayant d\u00e9pos\u00e9 sur ce site des informations directement ou indirectement nominatives, peut demander la communication des informations nominatives le concernant en s\u2019adressant \u00e0 Association 1001mots \u2013 24, rue de l\u2019Est \u2013 75020 Paris ou \u00e0 l\u2019adresse&nbsp;<a href=\"mailto:communication@1001mots.org\" target=\"_blank\" rel=\"noreferrer noopener\">communication@1001mots.org<\/a>&nbsp;\u2013 et les faire rectifier le cas \u00e9ch\u00e9ant<\/p>\n\n\n\n<h2 class=\"wp-block-heading\"><strong>La protection de vos donn\u00e9es personnelles<\/strong><\/h2>\n\n\n\n<p>Les informations recueillies sur ce formulaire (nom et pr\u00e9nom, coordonn\u00e9es t\u00e9l\u00e9phoniques, nom et date de naissance de l\u2019enfant, adresse postale) sont enregistr\u00e9es dans un fichier informatis\u00e9 par l\u2019association pour le besoin des services propos\u00e9s par 1001mots. L\u2019utilisateur fournit ces informations en toute connaissance de cause, notamment lorsqu\u2019il proc\u00e8de par lui-m\u00eame \u00e0 leur saisie.<\/p>\n\n\n\n<p>L\u2019acc\u00e8s \u00e0 vos donn\u00e9es personnelles est strictement limit\u00e9 \u00e0 notre \u00e9quipe. En dehors de notre \u00e9quipe, nous nous engageons \u00e0 ne pas vendre, louer, c\u00e9der ni donner acc\u00e8s \u00e0 des tiers \u00e0 vos donn\u00e9es. Ces donn\u00e9es seront conserv\u00e9es aussi longtemps que n\u00e9cessaire sauf si vous exercez votre droit de suppression des donn\u00e9es vous concernant, dans les conditions d\u00e9crites ci-apr\u00e8s.<\/p>\n\n\n\n<p>Conform\u00e9ment aux dispositions l\u00e9gales et r\u00e8glementaires applicables en France, en particulier la loi n\u00b0 78-17 du 6 janvier 1978 modifi\u00e9e relative \u00e0 l\u2019informatique, aux fichiers et aux libert\u00e9s et du r\u00e8glement europ\u00e9en n\u00b02016\/679\/UE du 27 avril 2016 (applicable d\u00e8s le 25 mai 2018), ainsi qu\u2019au R\u00e8glement G\u00e9n\u00e9ral de Protection des Donn\u00e9es (RGPD), vous disposez d\u2019un droit d\u2019acc\u00e8s, de rectification, de portabilit\u00e9, d\u2019effacement de celles-ci ou une limitation du traitement. Vous pouvez faire valoir ces droits \u00e0 tout moment en vous adressant \u00e0 l\u2019adresse suivante :&nbsp;<a href=\"mailto:communication@1001mots.org\" target=\"_blank\" rel=\"noreferrer noopener\">communication@1001mots.org<\/a><\/p>\n\n\n\n<p>La modification ou suppression des donn\u00e9es interviendra dans des d\u00e9lais raisonnables \u00e0 compter de la r\u00e9ception de la demande de l\u2019utilisateur. Pour toute information compl\u00e9mentaire ou r\u00e9clamation, vous pouvez contacter la Commission Nationale de l\u2019Informatique et des Libert\u00e9s (plus d\u2019informations sur www.cnil.fr).<\/p>\n\n\n\n<h2 class=\"wp-block-heading\">Les marques<\/h2>\n\n\n\n<p>Les marques de l\u2019association 1001mots figurant sur le Site sont des marques d\u00e9pos\u00e9es.<\/p>\n\n\n\n<p>Toute reproduction totale ou partielle de ces marques sans autorisation expresse de l\u2019association 1001mots est donc prohib\u00e9e. Vous pouvez nous contacter pour formuler ce type de demande via notre adresse&nbsp;<a href=\"mailto:communication@1001mots.org\" target=\"_blank\" rel=\"noreferrer noopener\">communication@1001mots.org<\/a><\/p>\n\n\n\n<h2 class=\"wp-block-heading\">Fiscalit\u00e9 de mon don<\/h2>\n\n\n\n<p>Votre don est d\u00e9ductible de votre imp\u00f4t \u00e0 hauteur de 66% de son montant, dans la limite de 20% de votre revenu net imposable. Si vos dons d\u00e9passent cette limite vous pourrez reporter sur 5 ans la d\u00e9duction de l\u2019exc\u00e9dent.<\/p>\n\n\n\n<p>Pour les personnes morales, 60% de votre don est d\u00e9ductible de vos imp\u00f4ts, dans la limite de 0,5 % du chiffre d\u2019affaire hors taxe r\u00e9alis\u00e9 par l\u2019entreprise au titre de l\u2019exercice au cours duquel est effectu\u00e9 le versement.<\/p>\n\n\n\n<h2 class=\"wp-block-heading\">Liens hypertextes<\/h2>\n\n\n\n<p>Les liens hypertextes mis en place dans le cadre du pr\u00e9sent Site en direction d\u2019autres ressources pr\u00e9sentes sur le r\u00e9seau Internet, ne sauraient engager la responsabilit\u00e9 de l\u2019association 1001mots.<\/p>\n\n\n\n<p>Si vous souhaitez cr\u00e9er un lien avec le site 1001mots.org, nous vous remercions :<\/p>\n\n\n\n<ul class=\"wp-block-list\">\n<li>d\u2019avertir la webmaster par mail \u00e0 l\u2019adresse&nbsp;<a href=\"mailto:communication@1001mots.org\" target=\"_blank\" rel=\"noreferrer noopener\">communication@1001mots.org<\/a><\/li>\n\n\n\n<li>d\u2019ins\u00e9rer le logo que nous vous ferons parvenir en r\u00e9ponse.<\/li>\n<\/ul>\n\n\n\n<h2 class=\"wp-block-heading\">Indisponibilit\u00e9 du site www.1001mots.org <\/h2>\n\n\n\n<p>L\u2019association 1001mots s\u2019engage \u00e0 faire ses meilleurs efforts pour assurer aux utilisateurs une accessibilit\u00e9 du site \u00e0 tout moment. L\u2019association ne pourra \u00eatre tenu responsable, en cas d\u2019indisponibilit\u00e9 du site, pour quelque cause que ce soit.<\/p>\n\n\n\n<h2 class=\"wp-block-heading\"><strong>Informations l\u00e9gales et fiscales<\/strong> <\/h2>\n\n\n\n<p><strong><br><\/strong>SIREN&nbsp;: 835 370 875 |&nbsp;SIRET&nbsp;:&nbsp;835&nbsp;370&nbsp;875&nbsp;000 30<\/p>\n\n<\/div>\n<\/div>","protected":false},"excerpt":{"rendered":"<p>Mentions l\u00e9gales Cr\u00e9dits Le site www.1001mots.org est \u00e9dit\u00e9 par l\u2019association 1001mots, association \u00e0 but non lucratif selon la loi de 1901. Directeur de la publication Pierre LEFRANC, pr\u00e9sident de 1001mots Contenu du site On entend par Contenu du Site la structure g\u00e9n\u00e9rale, les textes, les images anim\u00e9es ou non, et les sons dont le Site &#8230; <a title=\"Mentions l\u00e9gales\" class=\"read-more\" href=\"https:\/\/1001mots.org\/tests1001mots\/mentions-legales\/\" aria-label=\"En savoir plus sur Mentions l\u00e9gales\">Lire la suite<\/a><\/p>\n","protected":false},"author":1,"featured_media":0,"parent":0,"menu_order":0,"comment_status":"closed","ping_status":"open","template":"","meta":{"_seopress_robots_primary_cat":"","_seopress_titles_title":"","_seopress_titles_desc":"","_seopress_robots_index":"","_uf_show_specific_survey":0,"_uf_disable_surveys":false,"footnotes":""},"class_list":["post-3","page","type-page","status-publish"],"_links":{"self":[{"href":"https:\/\/1001mots.org\/tests1001mots\/wp-json\/wp\/v2\/pages\/3","targetHints":{"allow":["GET"]}}],"collection":[{"href":"https:\/\/1001mots.org\/tests1001mots\/wp-json\/wp\/v2\/pages"}],"about":[{"href":"https:\/\/1001mots.org\/tests1001mots\/wp-json\/wp\/v2\/types\/page"}],"author":[{"embeddable":true,"href":"https:\/\/1001mots.org\/tests1001mots\/wp-json\/wp\/v2\/users\/1"}],"replies":[{"embeddable":true,"href":"https:\/\/1001mots.org\/tests1001mots\/wp-json\/wp\/v2\/comments?post=3"}],"version-history":[{"count":0,"href":"https:\/\/1001mots.org\/tests1001mots\/wp-json\/wp\/v2\/pages\/3\/revisions"}],"wp:attachment":[{"href":"https:\/\/1001mots.org\/tests1001mots\/wp-json\/wp\/v2\/media?parent=3"}],"curies":[{"name":"wp","href":"https:\/\/api.w.org\/{rel}","templated":true}]}}