{"id":2184,"date":"2025-03-10T11:28:22","date_gmt":"2025-03-10T10:28:22","guid":{"rendered":"https:\/\/1001mots.org\/?page_id=2184"},"modified":"2025-09-01T16:31:00","modified_gmt":"2025-09-01T14:31:00","slug":"politique-de-confidentialite","status":"publish","type":"page","link":"https:\/\/1001mots.org\/tests1001mots\/politique-de-confidentialite\/","title":{"rendered":"Politique de confidentialit\u00e9"},"content":{"rendered":"\n<p><strong>Politique de confidentialit\u00e9<\/strong><\/p>\n\n\n\n<p>La pr\u00e9sente Politique de Confidentialit\u00e9 vous informe sur la mani\u00e8re dont sont collect\u00e9es et trait\u00e9es les donn\u00e9es personnelles vous concernant communiqu\u00e9es \u00e0 l\u2019association 1001 Mots sur le site Internet <a href=\"https:\/\/1001mots.org\/tests1001mots\/\">https:\/\/1001Mots.org\/<\/a> (ci-apr\u00e8s le \u00ab&nbsp;Site&nbsp;\u00bb), contractuellement ou par tout autre moyen.<\/p>\n\n\n\n<p>1001 Mots s\u2019engage \u00e0 traiter vos donn\u00e9es personnelles de mani\u00e8re transparente, confidentielle et s\u00e9curis\u00e9e.<\/p>\n\n\n\n<p>Dans le cadre du traitement de vos donn\u00e9es personnelles, 1001 Mots reconna\u00eet l\u2019importance d\u2019assurer la protection et la s\u00e9curit\u00e9 de votre vie priv\u00e9e et de vos donn\u00e9es personnelles, et a \u00e9tabli la pr\u00e9sente Politique de Confidentialit\u00e9&nbsp; en conformit\u00e9 avec les crit\u00e8res les plus stricts de protection des donn\u00e9es personnelles, ainsi que toute r\u00e8glementation applicable, notamment la loi n\u00b02018-493 du 20 juin 2018 et le R\u00e8glement G\u00e9n\u00e9ral sur la Protection des Donn\u00e9es (ci-apr\u00e8s \u00ab&nbsp;RGPD&nbsp;\u00bb) du 27 avril 2016, entr\u00e9 en vigueur le 25 mai 2018.<\/p>\n\n\n\n<p>La mani\u00e8re dont sont trait\u00e9es et collect\u00e9es vos donn\u00e9es personnelles est applicable \u00e0 tous les utilisateurs du Site. Nous vous invitons \u00e0 en lire le contenu avec attention. Si vous \u00eates en d\u00e9saccord avec le processus mis en place par 1001 Mots, nous vous prions de ne communiquer aucune information personnelle vous concernant et de cesser d\u2019utiliser le Site. En poursuivant une telle communication, vous reconnaissez avoir \u00e9t\u00e9 inform\u00e9 du traitement de vos donn\u00e9es personnelles et l\u2019acceptez.<\/p>\n\n\n\n<p>La pr\u00e9sente Politique de Confidentialit\u00e9&nbsp;est susceptible d\u2019\u00eatre modifi\u00e9e par 1001 Mots \u00e0 tout moment et sans pr\u00e9avis, notamment du fait de changements normatifs. La nouvelle rubrique s&rsquo;appliquera \u00e0 compter de la date de sa mise en ligne sur le Site. En communiquant des informations personnelles apr\u00e8s que ces modifications aient \u00e9t\u00e9 effectu\u00e9es, vous acceptez la nouvelle rubrique.<\/p>\n\n\n\n<p>Par cons\u00e9quent, conform\u00e9ment au RGPD et \u00e0 la Loi Informatique et Libert\u00e9s du 6 janvier 1978 modifi\u00e9e, 1001 Mots vous informe des points suivants&nbsp;:<\/p>\n\n\n\n<ol class=\"wp-block-list\">\n<li><strong>IDENTIT\u00c9 DU RESPONSABLE DU TRAITEMENT DES DONN\u00c9ES PERSONNELLES<\/strong><\/li>\n<\/ol>\n\n\n\n<p>Le responsable du traitement des donn\u00e9es personnelles est l\u2019association 1001 Mots, immatricul\u00e9e au Registre national des associations sous le num\u00e9ro W751241891 et disposant du num\u00e9ro SIREN 835\u00a0370 875, dont le si\u00e8ge social est situ\u00e9 24, rue de l\u2019Est \u2013 75020 Paris.<\/p>\n\n\n\n<p>1001 Mots dispose d\u2019un d\u00e9l\u00e9gu\u00e9 \u00e0 la protection des donn\u00e9es, qui peut \u00eatre contact\u00e9 par lettre \u00e0 l\u2019adresse du si\u00e8ge social susmentionn\u00e9 ou par message \u00e9lectronique \u00e0 l\u2019adresse suivante&nbsp;: communication@1001mots.org, en indiquant dans l\u2019objet de votre message ou de votre lettre \u00ab&nbsp;\u00c0 l\u2019attention du D\u00e9l\u00e9gu\u00e9 \u00e0 la protection des donn\u00e9es&nbsp;\u00bb.<\/p>\n\n\n\n<ol start=\"2\" class=\"wp-block-list\">\n<li><strong>DONN\u00c9ES PERSONNELLES COLLECT\u00c9ES PAR 1001 MOTS ET FINALIT\u00c9S DU TRAITEMENT<\/strong><\/li>\n<\/ol>\n\n\n\n<p>Nous collectons uniquement les informations ad\u00e9quates, pertinentes et limit\u00e9es \u00e0 ce qui est n\u00e9cessaires par rapport aux finalit\u00e9s pour lesquelles elles sont trait\u00e9es.&nbsp;<\/p>\n\n\n\n<p>Ces donn\u00e9es sont les suivantes&nbsp;:&nbsp;<\/p>\n\n\n\n<ul class=\"wp-block-list\">\n<li>Donn\u00e9es relatives \u00e0 l\u2019identit\u00e9&nbsp;: nom, pr\u00e9nom, adresse, \u00e2ge, genre<\/li>\n\n\n\n<li>Donn\u00e9es relatives \u00e0 votre vie personnelle&nbsp;: num\u00e9ro de t\u00e9l\u00e9phone, habitudes de consommation et de loisirs&nbsp;; habitudes et pratiques parentales<\/li>\n\n\n\n<li>Donn\u00e9es relatives \u00e0 la vie professionnelle&nbsp;: adresse mail professionnelle, num\u00e9ro de t\u00e9l\u00e9phone, niveau d\u2019\u00e9tudes, dipl\u00f4mes et CV&nbsp;;<\/li>\n\n\n\n<li>Informations d\u2019ordre \u00e9conomique et financi\u00e8re : niveau de dipl\u00f4mes dans le foyer, pays d\u2019obtention du dipl\u00f4me<\/li>\n<\/ul>\n\n\n\n<p>Les finalit\u00e9s sont les suivantes&nbsp;:&nbsp;<\/p>\n\n\n\n<ul class=\"wp-block-list\">\n<li>D\u00e9ploiement programme d&rsquo;accompagnement parental<\/li>\n\n\n\n<li>Rencontre familles participantes au programme<\/li>\n\n\n\n<li>Recrutement de freelances<\/li>\n\n\n\n<li>Suivi des m\u00e9c\u00e8nes et partenaires 1001mots<\/li>\n\n\n\n<li>Communication amis 1001 Mots<\/li>\n\n\n\n<li>Gestion des b\u00e9n\u00e9voles 1001Mots<\/li>\n\n\n\n<li>Gestion des prescripteurs 1001mots<\/li>\n\n\n\n<li>Gestion des contacts entrants&nbsp;<\/li>\n<\/ul>\n\n\n\n<ol start=\"3\" class=\"wp-block-list\">\n<li><strong>DESTINATAIRES DE VOS DONN\u00c9ES PERSONNELLES<\/strong><\/li>\n<\/ol>\n\n\n\n<p>Vos donn\u00e9es sont exclusivement accessibles&nbsp;aux personnes faisant partie de 1001 Mots ayant besoin d\u2019y acc\u00e9der dans le cadre de leurs fonctions, \u00e0 nos sous-traitants, lesquels agissent conform\u00e9ment \u00e0 nos instructions aux fins exclusivement de r\u00e9aliser des prestations d\u00e9termin\u00e9es, ainsi qu\u2019\u00e0 nos partenaires prescripteurs.&nbsp;<\/p>\n\n\n\n<p>1001 Mots n\u2019effectue aucune commercialisation, location de vos donn\u00e9es personnelles \u00e0 des tiers autres que ses prestataires au sein de l\u2019Union europ\u00e9enne, ou une autorit\u00e9 administrative ou judiciaire qui lui en aurait donn\u00e9 injonction.<\/p>\n\n\n\n<p>1001 Mots a conclu des accords avec des tiers soigneusement s\u00e9lectionn\u00e9s pour l\u2019h\u00e9bergement et l&rsquo;entretien du Site et aux termes desquels ceux-ci s\u2019engagent \u00e0 assurer la protection et la s\u00e9curit\u00e9 de toutes donn\u00e9es personnelles pouvant leur \u00eatre communiqu\u00e9es. En cas de transfert hors de l\u2019Union Europ\u00e9enne, 1001 Mots s\u2019assure de la conformit\u00e9 dudit transfert au RGPD par la v\u00e9rification concernant le tiers concern\u00e9 de l\u2019application de r\u00e8gles d\u2019entreprise contraignantes, de d\u00e9cisions d\u2019ad\u00e9quation de la Commission europ\u00e9enne ou de l\u2019application de garanties appropri\u00e9es.&nbsp;<\/p>\n\n\n\n<ol start=\"4\" class=\"wp-block-list\">\n<li><strong>DUR\u00c9E DE CONSERVATION DE VOS DONN\u00c9ES PERSONNELLES<\/strong><\/li>\n<\/ol>\n\n\n\n<p>1001 Mots ne conserve les informations vous concernant que pendant la dur\u00e9e strictement n\u00e9cessaire \u00e0 la poursuite des finalit\u00e9s identifi\u00e9es dans la pr\u00e9sente Politique de Confidentialit\u00e9.<\/p>\n\n\n\n<p>La dur\u00e9e de conservation de vos donn\u00e9es personnelles varie en fonction de la finalit\u00e9 de leurs collectes. Toutefois, cette dur\u00e9e n\u2019exc\u00e8de pas la dur\u00e9e n\u00e9cessaire aux finalit\u00e9s pour lesquelles les donn\u00e9es personnelles ont \u00e9t\u00e9 collect\u00e9es.<\/p>\n\n\n\n<p>En particulier, les donn\u00e9es collect\u00e9es selon lesdites finalit\u00e9s sont conserv\u00e9es pour les p\u00e9riodes suivantes&nbsp;:&nbsp;<\/p>\n\n\n\n<ul class=\"wp-block-list\">\n<li>D\u00e9ploiement programme d&rsquo;accompagnement parental&nbsp;: 10 ans \u00e0 compter du dernier contact avec la famille b\u00e9n\u00e9ficiaire du programme d\u2019accompagnement&nbsp;;&nbsp;<\/li>\n\n\n\n<li>Rencontre familles participantes&nbsp;: 10 ans compter du dernier contact avec la famille b\u00e9n\u00e9ficiaire du programme d\u2019accompagnement&nbsp;avec un archivage interm\u00e9diaire apr\u00e8s 3 ans&nbsp;<\/li>\n\n\n\n<li>Recrutement de freelances&nbsp;: 3 ans \u00e0 compter de la cessation de la relation commerciale ou 2 ans \u00e0 compter du dernier contact&nbsp;;&nbsp;<\/li>\n\n\n\n<li>Suivi RH des freelances&nbsp;: 3 ans \u00e0 compter de la cessation de la relation commerciale ou 2 ans \u00e0 compter du dernier contact&nbsp;;<\/li>\n\n\n\n<li>Suivi m\u00e9c\u00e8nes et partenaires&nbsp;:&nbsp; 3 ans \u00e0 compter de la cessation de la relation contractuelle&nbsp;;&nbsp;<\/li>\n\n\n\n<li>Communication amis 1001 Mots&nbsp;: 2 ans \u00e0 compter du dernier contact ou don&nbsp;;&nbsp;<\/li>\n\n\n\n<li>Gestion des b\u00e9n\u00e9voles 1001Mots&nbsp;: 2 ans \u00e0 compter de la fin du b\u00e9n\u00e9volat.<\/li>\n\n\n\n<li>Gestion des prescripteurs&nbsp;: 3 ans \u00e0 compter du dernier contact entrant<\/li>\n\n\n\n<li>Gestion des contacts entrant&nbsp;: 3 ans \u00e0 compter du dernier contact entrant<\/li>\n<\/ul>\n\n\n\n<p>Nonobstant ce qui pr\u00e9c\u00e8de, 1001 Mots pourra \u00eatre amen\u00e9 \u00e0 exc\u00e9der les dur\u00e9es susvis\u00e9es aux fins de&nbsp;se conformer \u00e0 des obligations l\u00e9gales et\/ou sur instructions des autorit\u00e9s comp\u00e9tentes.&nbsp;<\/p>\n\n\n\n<p>Ces dur\u00e9es de conservation ne font pas obstacle \u00e0 l\u2019exercice de vos droits d\u00e9taill\u00e9s \u00e0 l\u2019article 7 de cette Politique de Confidentialit\u00e9.<\/p>\n\n\n\n<ol start=\"5\" class=\"wp-block-list\">\n<li><strong>S\u00c9CURIT\u00c9 DE VOS DONN\u00c9ES PERSONNELLES<\/strong><\/li>\n<\/ol>\n\n\n\n<p>En communiquant vos donn\u00e9es personnelles, vous acceptez leur collecte, leur transfert et leur stockage pour les finalit\u00e9s mentionn\u00e9es dans la pr\u00e9sente Politique de Confidentialit\u00e9.<\/p>\n\n\n\n<p>1001 Mots emploie toutes les mesures de s\u00e9curit\u00e9 techniques et organisationnelles pour assurer la protection des informations vous concernant, en conformit\u00e9 avec la r\u00e8glementation.<\/p>\n\n\n\n<p>\u00c0 cette fin, nous avons notamment mis en place les mesures techniques suivantes&nbsp;:&nbsp;<\/p>\n\n\n\n<ul class=\"wp-block-list\">\n<li>Contr\u00f4le d&rsquo;acc\u00e8s des utilisateurs&nbsp;: authentification des utilisateurs \u00e0 l\u2019application via couple identifiant \/ mot de passe&nbsp;;<\/li>\n\n\n\n<li>Sauvegarde automatique des donn\u00e9es&nbsp;;&nbsp;<\/li>\n\n\n\n<li>Mesures de protection des logiciels&nbsp;: service de d\u00e9tection des vuln\u00e9rabilit\u00e9s, h\u00e9bergement de l\u2019application et des bases de donn\u00e9es sur un serveur distant AWS accessible uniquement aux administrateurs de 1001 Mots via authentification&nbsp;et protocole SSH&nbsp;;<\/li>\n\n\n\n<li>Chiffrement des donn\u00e9es&nbsp;: &#8211; Acc\u00e8s serveur applicatif par protocole SSH, Acc\u00e8s application en HTTPS, Mots de passe utilisateurs chiffr\u00e9s.&nbsp;<\/li>\n<\/ul>\n\n\n\n<ol start=\"6\" class=\"wp-block-list\">\n<li><strong>COOKIES<\/strong><\/li>\n<\/ol>\n\n\n\n<p>Sous r\u00e9serve de votre accord, 1001 Mots en tant qu\u2019\u00e9diteur du Site, pourra proc\u00e9der \u00e0 l\u2019implantation de cookies sur le disque dur de votre terminal (ordinateur, tablette, mobile&#8230;) lorsque vous visitez notre Site.<\/p>\n\n\n\n<p>Les cookies sont de petits fichiers stock\u00e9s sur votre ordinateur lorsque vous visitez notre site.&nbsp;<\/p>\n\n\n\n<p>1001 Mots utilise les cookies suivants&nbsp;:&nbsp;<\/p>\n\n\n\n<ul class=\"wp-block-list\">\n<li>Fonctionnel : L\u2019acc\u00e8s ou le stockage technique est strictement n\u00e9cessaire dans la finalit\u00e9 d\u2019int\u00e9r\u00eat l\u00e9gitime de permettre l\u2019utilisation d\u2019un service sp\u00e9cifique explicitement demand\u00e9 par l\u2019abonn\u00e9 ou l\u2019utilisateur, ou dans le seul but d\u2019effectuer la transmission d\u2019une communication sur un r\u00e9seau de communications \u00e9lectroniques.<\/li>\n\n\n\n<li>Statistiques : Le stockage ou l\u2019acc\u00e8s technique qui est utilis\u00e9 exclusivement \u00e0 des fins statistiques.<\/li>\n\n\n\n<li>Marketing : L\u2019acc\u00e8s ou le stockage technique est n\u00e9cessaire pour cr\u00e9er des profils d\u2019internautes afin d\u2019envoyer des publicit\u00e9s, ou pour suivre l\u2019utilisateur sur un site web ou sur plusieurs sites web ayant des finalit\u00e9s marketing similaires.<\/li>\n<\/ul>\n\n\n\n<p>Noms des cookies utilis\u00e9s :&nbsp;<\/p>\n\n\n\n<ul class=\"wp-block-list\">\n<li>ga<\/li>\n\n\n\n<li>_ga_BGV25LYCHK<\/li>\n\n\n\n<li>cmplz_banner-status<\/li>\n\n\n\n<li>cmplz_consented_services<\/li>\n\n\n\n<li>cmplz_functional<\/li>\n\n\n\n<li>cmplz_marketing<\/li>\n\n\n\n<li>cmplz_policy_id<\/li>\n\n\n\n<li>cmplz_preferences<\/li>\n\n\n\n<li>cmplz_statistics<\/li>\n<\/ul>\n\n\n\n<ol start=\"7\" class=\"wp-block-list\">\n<li><strong>VOS DROITS<\/strong><\/li>\n<\/ol>\n\n\n\n<p>Dans le cadre de la protection de vos donn\u00e9es personnelles, vous disposez des droits suivants&nbsp;:<\/p>\n\n\n\n<ul class=\"wp-block-list\">\n<li><strong>Droit d\u2019acc\u00e8s et de communication de vos donn\u00e9es personnelles&nbsp;<\/strong>:<strong> <\/strong>Vous avez le droit d&rsquo;obtenir de 1001 Mots la confirmation que les donn\u00e9es personnelles vous concernant font l&rsquo;objet ou non d&rsquo;un traitement et, le cas \u00e9ch\u00e9ant, le droit d&rsquo;acc\u00e9der \u00e0 ses donn\u00e9es personnelles. Sur demande, 1001 Mots vous fournira gratuitement une copie de vos donn\u00e9es personnelles en cours de traitement. La fourniture d&rsquo;autres copies demand\u00e9es peut entra\u00eener des frais administratifs.<\/li>\n<\/ul>\n\n\n\n<ul class=\"wp-block-list\">\n<li><strong>Droit de portabilit\u00e9 de vos donn\u00e9es <\/strong>personnelles&nbsp;: Vous avez le droit de recevoir vos donn\u00e9es personnelles qui vous concernent et fournies \u00e0 1001 Mots, dans un format structur\u00e9, \u00e0 usage courant et en lecture automatique, et le droit de transmettre ces donn\u00e9es \u00e0 un autre responsable du traitement.<\/li>\n<\/ul>\n\n\n\n<ul class=\"wp-block-list\">\n<li><strong>Droit de rectification de vos donn\u00e9es <\/strong>personnelles&nbsp;: Vous avez le droit de demander \u00e0 1001 Mots \u00e0 ce que vos donn\u00e9es personnelles soient corrig\u00e9es si elles ne sont pas correctes.<\/li>\n<\/ul>\n\n\n\n<ul class=\"wp-block-list\">\n<li><strong>Droit \u00e0 la suppression de vos donn\u00e9es personnelles &#8211; \u00ab&nbsp;droit \u00e0 l\u2019oubli&nbsp;\u00bb&nbsp;<\/strong>: Vous avez le droit d\u2019obtenir par 1001 Mots, la suppression de vos donn\u00e9es personnelles lorsque l&rsquo;une des raisons suivantes s&rsquo;applique :<\/li>\n<\/ul>\n\n\n\n<ul class=\"wp-block-list\">\n<li>Vos donn\u00e9es personnelles ne sont plus n\u00e9cessaires aux fins pour lesquelles elles ont \u00e9t\u00e9 collect\u00e9es ou trait\u00e9es ;<\/li>\n\n\n\n<li>Vous retirez le consentement sur lequel repose le traitement de vos donn\u00e9es personnelles et il n&rsquo;existe aucune autre base l\u00e9gale pour un tel traitement ;<\/li>\n\n\n\n<li>Vous vous opposez au traitement en vertu du droit d&rsquo;opposition et aucun int\u00e9r\u00eat l\u00e9gitime ne justifie le traitement ;<\/li>\n\n\n\n<li>Dans le cas o\u00f9 vos donn\u00e9es personnelles sont trait\u00e9es ill\u00e9galement.<\/li>\n<\/ul>\n\n\n\n<p>Sauf dispositions contraires, 1001 Mots n&rsquo;est pas dans l&rsquo;obligation de supprimer vos donn\u00e9es personnelles dans la mesure o\u00f9 le traitement s&rsquo;av\u00e8re n\u00e9cessaire pour remplir une obligation l\u00e9gale \u00e0 laquelle 1001 Mots est soumise ou \u00e0 effet de d\u00e9claration, exercice ou d\u00e9fense d&rsquo;un droit dans le cas d&rsquo;un quelconque litige.<\/p>\n\n\n\n<ul class=\"wp-block-list\">\n<li><strong>Droit d\u2019opposition \u00e0 la collecte et au traitement de vos donn\u00e9es <\/strong>personnelles&nbsp;: L\u2019exercice de ce droit n\u2019est possible que dans l\u2019une des deux situations suivantes :<\/li>\n<\/ul>\n\n\n\n<ul class=\"wp-block-list\">\n<li>Lorsque l\u2019exercice de ce droit est fond\u00e9 sur des motifs l\u00e9gitimes ; ou<\/li>\n\n\n\n<li>Lorsque l\u2019exercice de ce droit vise \u00e0 faire obstacle \u00e0 ce que les donn\u00e9es recueillies soient utilis\u00e9es \u00e0 des fins de prospection commerciale.<\/li>\n<\/ul>\n\n\n\n<p>Vous pouvez exercer l\u2019ensemble de ces droits \u00e0 tout moment par email \u00e0 l\u2019adresse suivante&nbsp;: communication@1001mots.org ou en envoyant un courrier postal \u00e0 l\u2019adresse de 1001 Mots mentionn\u00e9e \u00e0 l\u2019article 1. Afin de faciliter le traitement de votre demande, nous vous invitons \u00e0 libeller votre email ou votre courrier \u00ab&nbsp;\u00e0 l\u2019attention du D\u00e9l\u00e9gu\u00e9 \u00e0 la protection des donn\u00e9es&nbsp;\u00bb.<\/p>\n\n\n\n<p>Toute demande relative \u00e0 la communication, la portabilit\u00e9, la rectification, la suppression, l\u2019opposition du traitement de vos donn\u00e9es personnelles, doit \u00eatre accompagn\u00e9e de la photocopie d\u2019un titre d\u2019identit\u00e9 en cours de validit\u00e9 sign\u00e9 et faire mention de l\u2019adresse \u00e0 laquelle 1001 Mots pourra contacter le demandeur.<\/p>\n\n\n\n<p>1001 Mots s\u2019engage \u00e0 r\u00e9pondre \u00e0 votre demande d\u2019acc\u00e8s, de rectification ou d\u2019opposition ou toute autre demande compl\u00e9mentaire d\u2019informations dans un d\u00e9lai raisonnable qui ne saurait d\u00e9passer 1 mois \u00e0 compter de la r\u00e9ception de votre demande ou 3 mois \u00e0 compter de la r\u00e9ception d\u2019une demande complexe.<\/p>\n\n\n\n<ol start=\"8\" class=\"wp-block-list\">\n<li><strong>VIOLATIONS DES DONN\u00c9ES PERSONNELLES<\/strong><\/li>\n<\/ol>\n\n\n\n<p>En cas de violation de vos donn\u00e9es personnelles, 1001 Mots s&rsquo;engage \u00e0 le notifier \u00e0 la CNIL dans les conditions prescrites par le RGPD.<\/p>\n\n\n\n<p>Si vous consid\u00e9rez que 1001 Mots ne respecte pas ses obligations au regard de vos donn\u00e9es personnelles, vous pouvez adresser une plainte ou une demande aupr\u00e8s de l\u2019autorit\u00e9 comp\u00e9tente. En France, l\u2019autorit\u00e9 comp\u00e9tente est la CNIL, \u00e0 laquelle vous pouvez adresser une demande par voie \u00e9lectronique en cliquant sur le lien suivant&nbsp;: <a href=\"https:\/\/www.cnil.fr\/fr\/plaintes\/interne\">https:\/\/www.cnil.fr\/fr\/plaintes\/interne<\/a>.<\/p>\n","protected":false},"excerpt":{"rendered":"<p>Politique de confidentialit\u00e9 La pr\u00e9sente Politique de Confidentialit\u00e9 vous informe sur la mani\u00e8re dont sont collect\u00e9es et trait\u00e9es les donn\u00e9es personnelles vous concernant communiqu\u00e9es \u00e0 l\u2019association 1001 Mots sur le site Internet https:\/\/1001Mots.org\/ (ci-apr\u00e8s le \u00ab&nbsp;Site&nbsp;\u00bb), contractuellement ou par tout autre moyen. 1001 Mots s\u2019engage \u00e0 traiter vos donn\u00e9es personnelles de mani\u00e8re transparente, confidentielle et &#8230; <a title=\"Politique de confidentialit\u00e9\" class=\"read-more\" href=\"https:\/\/1001mots.org\/tests1001mots\/politique-de-confidentialite\/\" aria-label=\"En savoir plus sur Politique de confidentialit\u00e9\">Lire la suite<\/a><\/p>\n","protected":false},"author":3,"featured_media":0,"parent":0,"menu_order":0,"comment_status":"closed","ping_status":"closed","template":"","meta":{"_seopress_robots_primary_cat":"","_seopress_titles_title":"","_seopress_titles_desc":"","_seopress_robots_index":"","_uf_show_specific_survey":0,"_uf_disable_surveys":false,"footnotes":""},"class_list":["post-2184","page","type-page","status-publish"],"_links":{"self":[{"href":"https:\/\/1001mots.org\/tests1001mots\/wp-json\/wp\/v2\/pages\/2184","targetHints":{"allow":["GET"]}}],"collection":[{"href":"https:\/\/1001mots.org\/tests1001mots\/wp-json\/wp\/v2\/pages"}],"about":[{"href":"https:\/\/1001mots.org\/tests1001mots\/wp-json\/wp\/v2\/types\/page"}],"author":[{"embeddable":true,"href":"https:\/\/1001mots.org\/tests1001mots\/wp-json\/wp\/v2\/users\/3"}],"replies":[{"embeddable":true,"href":"https:\/\/1001mots.org\/tests1001mots\/wp-json\/wp\/v2\/comments?post=2184"}],"version-history":[{"count":0,"href":"https:\/\/1001mots.org\/tests1001mots\/wp-json\/wp\/v2\/pages\/2184\/revisions"}],"wp:attachment":[{"href":"https:\/\/1001mots.org\/tests1001mots\/wp-json\/wp\/v2\/media?parent=2184"}],"curies":[{"name":"wp","href":"https:\/\/api.w.org\/{rel}","templated":true}]}}