{"id":1903,"date":"2024-07-22T12:02:13","date_gmt":"2024-07-22T10:02:13","guid":{"rendered":"https:\/\/1001mots.org\/?page_id=1903"},"modified":"2025-07-10T17:51:14","modified_gmt":"2025-07-10T15:51:14","slug":"notre-charte","status":"publish","type":"page","link":"https:\/\/1001mots.org\/tests1001mots\/notre-charte\/","title":{"rendered":"Notre charte"},"content":{"rendered":"<div class=\"gb-container gb-container-bf0a9b38 gb-container-fc18ce97\">\n<div class=\"gb-container gb-container-98743698\">\n\n<h1 class=\"gb-headline gb-headline-8fc3034d gb-headline-text gb-headline-02f48d25\">Notre charte<\/h1>\n\n\n\n<p class=\"gb-headline gb-headline-764a5c1b gb-headline-text\">1001mots est une association loi 1901 d\u2019int\u00e9r\u00eat g\u00e9n\u00e9ral. Notre mission est d&rsquo;accompagner les parents qui en ont le plus besoin dans l&rsquo;\u00e9veil de leur b\u00e9b\u00e9, afin de donner toutes ses chances \u00e0 chaque enfant et de pr\u00e9venir les in\u00e9galit\u00e9s. <\/p>\n\n\n\n<p>Notre action est guid\u00e9e par plusieurs grands principes : <\/p>\n\n\n\n<p>1.&nbsp; Nous sommes une association ind\u00e9pendante de tout parti politique ou confession religieuse.<br>2.&nbsp; Nous accompagnons les parents sans aucune discrimination selon leur pays d&rsquo;origine, statut, lieu d&rsquo;habitation, religion ou mode de vie. Nous respectons les choix de vie et style de vie de chaque famille.<br>3.&nbsp; Nous valorisons le r\u00f4le essentiel des parents en tant que premiers \u00e9ducateurs de leur enfant : nous cherchons \u00e0 leur donner confiance en eux ; nous partons de tout ce qu&rsquo;ils font d\u00e9j\u00e0 avec leur enfant pour les aider \u00e0 aller plus loin en leur proposant de nouvelles id\u00e9es.<br>4.&nbsp; Nous valorisons l&rsquo;identit\u00e9 culturelle de chaque famille et la diversit\u00e9 des langues parl\u00e9es \u00e0 la maison, quelles que soient ces langues. Nous consid\u00e9rons que la transmission d&rsquo;une autre langue maternelle que le fran\u00e7ais est une chance pour l&rsquo;enfant.<br>5.&nbsp; Nous cherchons \u00e0 \u00e9tablir avec les parents accompagn\u00e9s des relations conviviales, aussi horizontales que possible. Nous cherchons \u00e0 impliquer les parents accompagn\u00e9s dans les d\u00e9cisions de 1001mots.<br>6.&nbsp; Nous nous appuyons sur les r\u00e9sultats de la recherche scientifique et la concertation avec les institutions publiques.<\/p>\n\n\n\n<p>Ces principes orientent au quotidien les d\u00e9cisions de 1001mots, pour nous aider \u00e0 \u00eatre toujours au service des parents et des enfants qui en ont le plus besoin.<\/p>\n\n<\/div>\n<\/div>","protected":false},"excerpt":{"rendered":"<p>Notre charte 1001mots est une association loi 1901 d\u2019int\u00e9r\u00eat g\u00e9n\u00e9ral. Notre mission est d&rsquo;accompagner les parents qui en ont le plus besoin dans l&rsquo;\u00e9veil de leur b\u00e9b\u00e9, afin de donner toutes ses chances \u00e0 chaque enfant et de pr\u00e9venir les in\u00e9galit\u00e9s. Notre action est guid\u00e9e par plusieurs grands principes : 1.&nbsp; Nous sommes une association &#8230; <a title=\"Notre charte\" class=\"read-more\" href=\"https:\/\/1001mots.org\/tests1001mots\/notre-charte\/\" aria-label=\"En savoir plus sur Notre charte\">Lire la suite<\/a><\/p>\n","protected":false},"author":3,"featured_media":0,"parent":0,"menu_order":0,"comment_status":"closed","ping_status":"closed","template":"","meta":{"_seopress_robots_primary_cat":"","_seopress_titles_title":"","_seopress_titles_desc":"","_seopress_robots_index":"","_uf_show_specific_survey":0,"_uf_disable_surveys":false,"footnotes":""},"class_list":["post-1903","page","type-page","status-publish"],"_links":{"self":[{"href":"https:\/\/1001mots.org\/tests1001mots\/wp-json\/wp\/v2\/pages\/1903","targetHints":{"allow":["GET"]}}],"collection":[{"href":"https:\/\/1001mots.org\/tests1001mots\/wp-json\/wp\/v2\/pages"}],"about":[{"href":"https:\/\/1001mots.org\/tests1001mots\/wp-json\/wp\/v2\/types\/page"}],"author":[{"embeddable":true,"href":"https:\/\/1001mots.org\/tests1001mots\/wp-json\/wp\/v2\/users\/3"}],"replies":[{"embeddable":true,"href":"https:\/\/1001mots.org\/tests1001mots\/wp-json\/wp\/v2\/comments?post=1903"}],"version-history":[{"count":0,"href":"https:\/\/1001mots.org\/tests1001mots\/wp-json\/wp\/v2\/pages\/1903\/revisions"}],"wp:attachment":[{"href":"https:\/\/1001mots.org\/tests1001mots\/wp-json\/wp\/v2\/media?parent=1903"}],"curies":[{"name":"wp","href":"https:\/\/api.w.org\/{rel}","templated":true}]}}